{"id":91,"date":"2019-05-16T17:44:40","date_gmt":"2019-05-16T15:44:40","guid":{"rendered":"https:\/\/lowpressurefitness.com\/?page_id=91"},"modified":"2019-11-11T16:01:35","modified_gmt":"2019-11-11T15:01:35","slug":"politica-de-cookies","status":"publish","type":"page","link":"https:\/\/www.lowpressurefitness.com\/es\/politica-de-cookies\/","title":{"rendered":"Pol\u00edtica de Cookies"},"content":{"rendered":"<div class=\"rte\">\n<div class=\"container\">\n<div class=\"cms-content\">\n<p><strong>POL\u00cdTICA DE COOKIES<\/strong><\/p>\n<p>El objetivo de esta\u00a0pol\u00edtica es informar a los interesados acerca de las cookies que emplea esta p\u00e1gina web de conformidad con lo establecido en la Ley 34\/2002, de 11 de julio, de Servicios de la Sociedad de la Informaci\u00f3n y de Comercio Electr\u00f3nico, y el Reglamento (UE) 2016\/679 del Parlamento Europeo y del Consejo de 27 de abril de 2016.<\/p>\n<p><strong>1.USO DE COOKIES. \u00bfQU\u00c9 SON LAS COOKIES?<\/strong><\/p>\n<p>Las cookies son ficheros que se descargan en su Ordenador, Smartphone o Tablet al acceder a determinadas p\u00e1ginas web. La utilizaci\u00f3n de cookies, ofrece numerosas ventajas en la prestaci\u00f3n de servicios de la Sociedad de la Informaci\u00f3n, puesto que, entre otras: (a) facilita la navegaci\u00f3n del usuario en el Sitio Web; (b) facilita al usuario el acceso a los diferentes servicios que ofrece el Sitio Web; (c) evita al usuario volver a configurar caracter\u00edsticas generales predefinidas cada vez que accede al Sitio Web; (d) favorece la mejora del funcionamiento y de los servicios prestados a trav\u00e9s del Sitio Web, tras el correspondiente an\u00e1lisis de la informaci\u00f3n obtenida a trav\u00e9s de las cookies instaladas; (e) permiten a un Sitio Web, entre otras cosas, almacenar y recuperar informaci\u00f3n sobre los h\u00e1bitos de navegaci\u00f3n de un usuario o de su equipo y, dependiendo de la informaci\u00f3n que contengan y de la forma en que utilice su equipo, pueden utilizarse para reconocer al usuario.<\/p>\n<p>La mayor\u00eda de los navegadores aceptan como est\u00e1ndar a las cookies y, con independencia de las mismas, permiten o impiden en los ajustes de seguridad\u00a0 las cookies temporales o memorizadas.<\/p>\n<p>Ten en cuenta que para poder utilizar y contar con una mejor experiencia de navegaci\u00f3n,\u00a0<strong>\u00a0<\/strong>es necesario que tengas habilitadas las cookies, especialmente aquellas de car\u00e1cter t\u00e9cnico que resultan necesarias para que pueda identificarte como usuario registrado cada vez que accedas a la presente web.<\/p>\n<p>En caso de no querer recibir cookies, por favor, configure su navegador de internet, para que las borre del disco duro de su ordenador, las bloquee o le avise en su caso de instalaci\u00f3n de las mismas.<\/p>\n<p dir=\"ltr\"><strong>2. CONSENTIMIENTO<\/strong><\/p>\n<p dir=\"ltr\">En relaci\u00f3n con la utilizaci\u00f3n de cookies de este sitio web descritos en el apartado anterior, el usuario autoriza y consiente su uso de la siguiente forma: Cuando el usuario accede a nuestra p\u00e1gina de la web, ver\u00e1 un aviso donde se indica que esta utiliza cookies, pudiendo el usuario aceptar o rechazar el uso de estas pulsando el boto de aceptar\/ aceptar todas, gestionar sus preferencias a trav\u00e9s de la configuraci\u00f3n\u00a0 del panel y\/o de su navegador. Si el usuario no pulsa el bot\u00f3n aceptar, no configura su navegador ni el panel y sigue navegando por el sitio web de INTERNATIONAL HYPOPRESSIVE AND PHYSICAL THERAPY INSTITUTE SL utilizando sus servicios, el usuario acepta el uso que se hacen las cookies necesarias en esta p\u00e1gina web.<\/p>\n<p dir=\"ltr\"><strong>3. <\/strong><strong>C\u00d3MO BLOQUEAR O ELIMINAR LAS COOKIES INSTALADAS<\/strong><\/p>\n<p>Puede usted permitir, bloquear o eliminar las cookies instaladas en su equipo mediante la configuraci\u00f3n de las opciones de su navegador. Puede encontrar informaci\u00f3n sobre c\u00f3mo hacerlo, en relaci\u00f3n con los navegadores m\u00e1s comunes en los links que se incluyen a continuaci\u00f3n:<\/p>\n<p>Explorer: <a href=\"https:\/\/support.microsoft.com\/es-es\/kb\/278835\">https:\/\/support.microsoft.com\/es-es\/kb\/278835<\/a><\/p>\n<p>Microsoft Edge<strong>: <\/strong><a href=\"https:\/\/privacy.microsoft.com\/es-es\/windows-10-microsoft-edge-and-privacy\">https:\/\/privacy.microsoft.com\/es-es\/windows-10-microsoft-edge-and-privacy<\/a><\/p>\n<p>Chrome:<a href=\"http:\/\/support.google.com\/chrome\/bin\/answer.py?hl=es&amp;answer=95647\">https:\/\/support.google.com\/chrome\/answer\/95647?co=GENIE.Platform%3DDesktop&amp;hl=esttp:\/\/support.google.com\/chrome\/bin\/answer.py?hl=es&amp;answer=95647<\/a><\/p>\n<p>Firefox: <a href=\"http:\/\/support.mozilla.org\/es\/kb\/Borrar%20cookies\">http:\/\/support.mozilla.org\/es\/kb\/Borrar%20cookies<\/a><\/p>\n<p>Safari: <a href=\"http:\/\/support.apple.com\/kb\/ph5042\">http:\/\/support.apple.com\/kb\/ph5042<\/a>.<\/p>\n<p>Opera: <a href=\"https:\/\/help.opera.com\/en\/latest\/web-preferences\/#cookies\">https:\/\/help.opera.com\/en\/latest\/web-preferences\/#cookies<\/a><\/p>\n<p dir=\"ltr\"><strong>Le informamos, no obstante, de la posibilidad de que la desactivaci\u00f3n de alguna cookie impida o dificulte la navegaci\u00f3n o la prestaci\u00f3n de los servicios ofrecidos en la p\u00e1gina web.<\/strong><\/p>\n<p dir=\"ltr\"><strong>4.\u00a0<\/strong><strong>MODIFICACIONES<\/strong><\/p>\n<p>La presente pol\u00edtica de cookies puede verse modificada en funci\u00f3n de las exigencias legales establecidas o con la finalidad de adaptar dicha pol\u00edtica a las instrucciones dictadas por la Agencia Espa\u00f1ola de Protecci\u00f3n de Datos.<\/p>\n<p>Por esta raz\u00f3n, aconsejamos a los usuarios que visiten peri\u00f3dicamente nuestra\u00a0 pol\u00edtica de cookies.<\/p>\n<p>Cuando se produzcan cambios significativos en esta pol\u00edtica, en la medida de nuestras posibilidades, comunicaremos a los usuarios estos cambios mediante un aviso en nuestra p\u00e1gina web.<\/p>\n<p>Si tiene dudas acerca de esta pol\u00edtica de cookies, puede contactar con INTERNATIONAL HYPOPRESSIVE AND PHYSICAL THERAPY INSTITUTE SL a trav\u00e9s del siguiente correo electr\u00f3nico: <u>info@lowpressurefitness.com<\/u><\/p>\n<p>\u00daltima revisi\u00f3n: 11 de Noviembre de 2019<\/p>\n<\/div>\n<\/div>\n<\/div>\n","protected":false},"excerpt":{"rendered":"<p>POL\u00cdTICA DE COOKIES El objetivo de esta\u00a0pol\u00edtica es informar a los interesados acerca de las cookies que emplea esta p\u00e1gina web de conformidad con lo establecido en la Ley 34\/2002, de 11 de julio, de Servicios de la Sociedad de la Informaci\u00f3n y de Comercio Electr\u00f3nico, y el Reglamento (UE) 2016\/679 del Parlamento Europeo y &hellip; <a href=\"https:\/\/www.lowpressurefitness.com\/es\/politica-de-cookies\/\">Continued<\/a><\/p>\n","protected":false},"author":1,"featured_media":0,"parent":0,"menu_order":0,"comment_status":"closed","ping_status":"closed","template":"","meta":{"footnotes":""},"_links":{"self":[{"href":"https:\/\/www.lowpressurefitness.com\/es\/wp-json\/wp\/v2\/pages\/91\/"}],"collection":[{"href":"https:\/\/www.lowpressurefitness.com\/es\/wp-json\/wp\/v2\/pages\/"}],"about":[{"href":"https:\/\/www.lowpressurefitness.com\/es\/wp-json\/wp\/v2\/types\/page\/"}],"author":[{"embeddable":true,"href":"https:\/\/www.lowpressurefitness.com\/es\/wp-json\/wp\/v2\/users\/1\/"}],"replies":[{"embeddable":true,"href":"https:\/\/www.lowpressurefitness.com\/es\/wp-json\/wp\/v2\/comments\/?post=91"}],"version-history":[{"count":0,"href":"https:\/\/www.lowpressurefitness.com\/es\/wp-json\/wp\/v2\/pages\/91\/revisions\/"}],"wp:attachment":[{"href":"https:\/\/www.lowpressurefitness.com\/es\/wp-json\/wp\/v2\/media\/?parent=91"}],"curies":[{"name":"wp","href":"https:\/\/api.w.org\/{rel}","templated":true}]}}